{"id":3840,"date":"2019-04-29T12:00:45","date_gmt":"2019-04-29T16:00:45","guid":{"rendered":"https:\/\/www.mudwizard.com\/achievements\/"},"modified":"2022-06-29T11:24:25","modified_gmt":"2022-06-29T15:24:25","slug":"umsetzung","status":"publish","type":"page","link":"https:\/\/www.mudwizard.com\/de\/umsetzung\/","title":{"rendered":"Umsetzung"},"content":{"rendered":"<div id=\"pl-3840\"  class=\"panel-layout\" ><div id=\"pg-3840-0\"  class=\"panel-grid panel-has-style\" ><div class=\"siteorigin-panels-stretch boxed background-image-attachment panel-row-style panel-row-style-for-3840-0\" ><div id=\"pgc-3840-0-0\"  class=\"panel-grid-cell\" ><div id=\"panel-3840-0-0-0\" class=\"so-panel widget widget_texte_generique panel-first-child panel-last-child\" data-index=\"0\" ><div\n\t\t\t\n\t\t\tclass=\"so-widget-texte_generique so-widget-texte_generique-base\"\n\t\t\t\n\t\t><div class=\"texte-generique-wrap left\"><div class=\"tg-sous-titre\"><h5>Jedes Projekt ist einzigartig<\/h5><\/div><div class=\"tg-titre\"><h2>Die M\u00f6glichkeiten sind unendlich<\/h2><\/div><div class=\"tg-texte\"><p><span style=\"font-weight: 400;\">Unser Expertenteam leitet Projekte unterschiedlicher Gr\u00f6\u00dfen und Graden an Komplexit\u00e4t. Da der ganze Fokus in der Bereitstellung von ma\u00dfgeschneiderten Pumpen- und Wassermanagement-L\u00f6sungen liegt, legen wir gro\u00dfen Wert darauf, Beziehungen aufzubauen und zu pflegen sowie die Partnerschaft durch Schaffung einer nachhaltigen Wertsch\u00f6pfung zu st\u00e4rken. <\/span><\/p>\n<\/div><\/div><\/div><\/div><\/div><\/div><\/div><div id=\"pg-3840-1\"  class=\"panel-grid panel-has-style\" ><div class=\"siteorigin-panels-stretch full background-image-attachment panel-row-style panel-row-style-for-3840-1\" ><div id=\"pgc-3840-1-0\"  class=\"panel-grid-cell\" ><div id=\"panel-3840-1-0-0\" class=\"so-panel widget widget_realisation-liste panel-first-child panel-last-child\" data-index=\"1\" ><div\n\t\t\t\n\t\t\tclass=\"so-widget-realisation-liste so-widget-realisation-liste-base\"\n\t\t\t\n\t\t><div class=\"realisations_nav\">\n    <nav id=\"filter_action\">\n        <ul>\n            <li id=\"tous\" class=\"current-li\">\n                <a>Alle<\/a>\n            <\/li>\n                            <li id=\"bergbau-und-steinbruch\"><a>Bergbau und Steinbruch<\/a><\/li>\n                                <li id=\"bausektor-und-tiefbau\"><a>Bausektor und Tiefbau<\/a><\/li>\n                                <li id=\"tunnelbau\"><a>Tunnelbau<\/a><\/li>\n                                <li id=\"bohrarbeiten\"><a>Bohrarbeiten<\/a><\/li>\n                                <li id=\"energie-ol-und-gas\"><a>Energie: \u00d6l und Gas<\/a><\/li>\n                        <\/ul>\n    <\/nav>\n<\/div>\n\n\n<div class=\"realisations_wrapper\">\n    <div class=\"mobile-boxed\">\n        <div class=\"layout-flex\">\n                            <figure class=\"layout-33 realisation tous bausektor-und-tiefbau\">\n                    <div class=\"projet-tile-wrap\">\n                        <div class=\"projet-tile-image\" style=\"background-image:url('https:\/\/www.mudwizard.com\/wp-content\/uploads\/2-6-scaled.jpg')\">\n                            <a href=\"https:\/\/www.mudwizard.com\/de\/umsetzung\/wasseraufbereitung-bohrungen-konformitaet\/\">\n                                <div class=\"projet-tile-infos\">\n                                    <div class=\"projet-tile-title\">\n                                        <h3>Optimierung der bohrwasseraufbereitung zur einhaltung von umweltstandards<\/h3>\n                                        <div class=\"projet-tile-cat\">\n                                                                                    <\/div>\n                                    <\/div>\n                                <\/div>\n                            <\/a>\n                        <\/div>\n                    <\/div>\n                <\/figure>\n                                <figure class=\"layout-33 realisation tous bausektor-und-tiefbau\">\n                    <div class=\"projet-tile-wrap\">\n                        <div class=\"projet-tile-image\" style=\"background-image:url('https:\/\/www.mudwizard.com\/wp-content\/uploads\/achievements-2025-01-01.png')\">\n                            <a href=\"https:\/\/www.mudwizard.com\/de\/umsetzung\/provisorische-entwaesserungsleitung-und-abbruchwasseraufbereitungsanlage\/\">\n                                <div class=\"projet-tile-infos\">\n                                    <div class=\"projet-tile-title\">\n                                        <h3>Provisorische entw\u00e4sserungsleitung und abbruchwasseraufbereitungsanlage<\/h3>\n                                        <div class=\"projet-tile-cat\">\n                                                                                    <\/div>\n                                    <\/div>\n                                <\/div>\n                            <\/a>\n                        <\/div>\n                    <\/div>\n                <\/figure>\n                                <figure class=\"layout-33 realisation tous bausektor-und-tiefbau\">\n                    <div class=\"projet-tile-wrap\">\n                        <div class=\"projet-tile-image\" style=\"background-image:url('https:\/\/www.mudwizard.com\/wp-content\/uploads\/IMG_5811-2-2_og.jpg')\">\n                            <a href=\"https:\/\/www.mudwizard.com\/de\/umsetzung\/gaspipeline-projekt-in-becancour\/\">\n                                <div class=\"projet-tile-infos\">\n                                    <div class=\"projet-tile-title\">\n                                        <h3>L\u00f6sung zur Vor-Ort-Wasseraufbereitung f\u00fcr Gaspipeline-Projekt \u2013 Batterieherstellung in B\u00e9cancour<\/h3>\n                                        <div class=\"projet-tile-cat\">\n                                                                                    <\/div>\n                                    <\/div>\n                                <\/div>\n                            <\/a>\n                        <\/div>\n                    <\/div>\n                <\/figure>\n                                <figure class=\"layout-33 realisation tous bausektor-und-tiefbau\">\n                    <div class=\"projet-tile-wrap\">\n                        <div class=\"projet-tile-image\" style=\"background-image:url('https:\/\/www.mudwizard.com\/wp-content\/uploads\/Realisation_gestion_boues_chantier_construction_3-scaled.jpg')\">\n                            <a href=\"https:\/\/www.mudwizard.com\/de\/umsetzung\/schlammmanagement-von-baustellen-montreal\/\">\n                                <div class=\"projet-tile-infos\">\n                                    <div class=\"projet-tile-title\">\n                                        <h3>Schlammmanagement von Baustellen &#8211; Montreal<\/h3>\n                                        <div class=\"projet-tile-cat\">\n                                                                                    <\/div>\n                                    <\/div>\n                                <\/div>\n                            <\/a>\n                        <\/div>\n                    <\/div>\n                <\/figure>\n                                <figure class=\"layout-33 realisation tous bausektor-und-tiefbau\">\n                    <div class=\"projet-tile-wrap\">\n                        <div class=\"projet-tile-image\" style=\"background-image:url('https:\/\/www.mudwizard.com\/wp-content\/uploads\/refection-tunnel-louis-hyppolite-lafontaine-og.jpg')\">\n                            <a href=\"https:\/\/www.mudwizard.com\/de\/umsetzung\/sanierung-des-louis-hippolyte-lafontaine-tunnels\/\">\n                                <div class=\"projet-tile-infos\">\n                                    <div class=\"projet-tile-title\">\n                                        <h3>Sanierung des Louis-Hippolyte Lafontaine-Tunnels<\/h3>\n                                        <div class=\"projet-tile-cat\">\n                                                                                    <\/div>\n                                    <\/div>\n                                <\/div>\n                            <\/a>\n                        <\/div>\n                    <\/div>\n                <\/figure>\n                                <figure class=\"layout-33 realisation tous bausektor-und-tiefbau\">\n                    <div class=\"projet-tile-wrap\">\n                        <div class=\"projet-tile-image\" style=\"background-image:url('https:\/\/www.mudwizard.com\/wp-content\/uploads\/reconstruction-pont-ile-aux-tourtes-og.jpg')\">\n                            <a href=\"https:\/\/www.mudwizard.com\/de\/umsetzung\/wiederaufbau-der-ile-aux-tourtes-brucke\/\">\n                                <div class=\"projet-tile-infos\">\n                                    <div class=\"projet-tile-title\">\n                                        <h3>Wiederaufbau der \u00cele-aux-Tourtes-Br\u00fccke<\/h3>\n                                        <div class=\"projet-tile-cat\">\n                                                                                    <\/div>\n                                    <\/div>\n                                <\/div>\n                            <\/a>\n                        <\/div>\n                    <\/div>\n                <\/figure>\n                                <figure class=\"layout-33 realisation tous bausektor-und-tiefbau\">\n                    <div class=\"projet-tile-wrap\">\n                        <div class=\"projet-tile-image\" style=\"background-image:url('https:\/\/www.mudwizard.com\/wp-content\/uploads\/phase-2-tlr-prolongement-est-ligne-confederation-gallery-og.jpg')\">\n                            <a href=\"https:\/\/www.mudwizard.com\/de\/umsetzung\/phase-2-tlr-ostliche-verlangerung-confederation-line\/\">\n                                <div class=\"projet-tile-infos\">\n                                    <div class=\"projet-tile-title\">\n                                        <h3>Phase 2 der TLR &#8211; \u00d6stliche Verl\u00e4ngerung der Confederation Line<\/h3>\n                                        <div class=\"projet-tile-cat\">\n                                                                                    <\/div>\n                                    <\/div>\n                                <\/div>\n                            <\/a>\n                        <\/div>\n                    <\/div>\n                <\/figure>\n                                <figure class=\"layout-33 realisation tous bausektor-und-tiefbau\">\n                    <div class=\"projet-tile-wrap\">\n                        <div class=\"projet-tile-image\" style=\"background-image:url('https:\/\/www.mudwizard.com\/wp-content\/uploads\/image-og-6.jpg')\">\n                            <a href=\"https:\/\/www.mudwizard.com\/de\/umsetzung\/neubau-krankenhaus-vaudreuil-soulanges\/\">\n                                <div class=\"projet-tile-infos\">\n                                    <div class=\"projet-tile-title\">\n                                        <h3>Neubau &#8211; Krankenhaus Vaudreuil-Soulanges<\/h3>\n                                        <div class=\"projet-tile-cat\">\n                                                                                    <\/div>\n                                    <\/div>\n                                <\/div>\n                            <\/a>\n                        <\/div>\n                    <\/div>\n                <\/figure>\n                                <figure class=\"layout-33 realisation tous bergbau-und-steinbruch\">\n                    <div class=\"projet-tile-wrap\">\n                        <div class=\"projet-tile-image\" style=\"background-image:url('https:\/\/www.mudwizard.com\/wp-content\/uploads\/image-og-4.jpg')\">\n                            <a href=\"https:\/\/www.mudwizard.com\/de\/umsetzung\/aufbereitung-wasser-entwaesserung-tagebau-projekt-gold-cote\/\">\n                                <div class=\"projet-tile-infos\">\n                                    <div class=\"projet-tile-title\">\n                                        <h3>Aufbereitung des Wassers aus Entw\u00e4sserung &#8211; Tagebau &#8211; Projekt Gold C\u00f4t\u00e9<\/h3>\n                                        <div class=\"projet-tile-cat\">\n                                                                                    <\/div>\n                                    <\/div>\n                                <\/div>\n                            <\/a>\n                        <\/div>\n                    <\/div>\n                <\/figure>\n                                <figure class=\"layout-33 realisation tous bergbau-und-steinbruch\">\n                    <div class=\"projet-tile-wrap\">\n                        <div class=\"projet-tile-image\" style=\"background-image:url('https:\/\/www.mudwizard.com\/wp-content\/uploads\/image-og-3.jpg')\">\n                            <a href=\"https:\/\/www.mudwizard.com\/de\/umsetzung\/aufbereitung-schlamm-unterirdische-arbeiten-odyssey-mine\/\">\n                                <div class=\"projet-tile-infos\">\n                                    <div class=\"projet-tile-title\">\n                                        <h3>Aufbereitung des Schlamms &#8211; Unterirdische Arbeiten \u2013 Odyssey Mine<\/h3>\n                                        <div class=\"projet-tile-cat\">\n                                                                                    <\/div>\n                                    <\/div>\n                                <\/div>\n                            <\/a>\n                        <\/div>\n                    <\/div>\n                <\/figure>\n                                <figure class=\"layout-33 realisation tous energie-ol-und-gas\">\n                    <div class=\"projet-tile-wrap\">\n                        <div class=\"projet-tile-image\" style=\"background-image:url('https:\/\/www.mudwizard.com\/wp-content\/uploads\/image-og-2.jpg')\">\n                            <a href=\"https:\/\/www.mudwizard.com\/de\/umsetzung\/instandsetzung-wasserkraftwerk-carillon\/\">\n                                <div class=\"projet-tile-infos\">\n                                    <div class=\"projet-tile-title\">\n                                        <h3>Instandsetzung &#8211; Wasserkraftwerk Carillon<\/h3>\n                                        <div class=\"projet-tile-cat\">\n                                                                                    <\/div>\n                                    <\/div>\n                                <\/div>\n                            <\/a>\n                        <\/div>\n                    <\/div>\n                <\/figure>\n                                <figure class=\"layout-33 realisation tous bausektor-und-tiefbau\">\n                    <div class=\"projet-tile-wrap\">\n                        <div class=\"projet-tile-image\" style=\"background-image:url('https:\/\/www.mudwizard.com\/wp-content\/uploads\/image-og-1.jpg')\">\n                            <a href=\"https:\/\/www.mudwizard.com\/de\/umsetzung\/regenwasserkanalisation-toronto\/\">\n                                <div class=\"projet-tile-infos\">\n                                    <div class=\"projet-tile-title\">\n                                        <h3>Regenwasserkanalisation &#8211; Stadt Toronto<\/h3>\n                                        <div class=\"projet-tile-cat\">\n                                                                                    <\/div>\n                                    <\/div>\n                                <\/div>\n                            <\/a>\n                        <\/div>\n                    <\/div>\n                <\/figure>\n                                <figure class=\"layout-33 realisation tous bausektor-und-tiefbau\">\n                    <div class=\"projet-tile-wrap\">\n                        <div class=\"projet-tile-image\" style=\"background-image:url('https:\/\/www.mudwizard.com\/wp-content\/uploads\/image-og.jpg')\">\n                            <a href=\"https:\/\/www.mudwizard.com\/de\/umsetzung\/bau-metropolitan-express-reseau-station\/\">\n                                <div class=\"projet-tile-infos\">\n                                    <div class=\"projet-tile-title\">\n                                        <h3>Bau des bahnhofs R\u00e9seau Express M\u00e9tropolitain (REM)<\/h3>\n                                        <div class=\"projet-tile-cat\">\n                                                                                    <\/div>\n                                    <\/div>\n                                <\/div>\n                            <\/a>\n                        <\/div>\n                    <\/div>\n                <\/figure>\n                                <figure class=\"layout-33 realisation tous bausektor-und-tiefbau bohrarbeiten\">\n                    <div class=\"projet-tile-wrap\">\n                        <div class=\"projet-tile-image\" style=\"background-image:url('https:\/\/www.mudwizard.com\/wp-content\/uploads\/img_4715-scaled.jpg')\">\n                            <a href=\"https:\/\/www.mudwizard.com\/de\/umsetzung\/managing-water-from-drilling\/\">\n                                <div class=\"projet-tile-infos\">\n                                    <div class=\"projet-tile-title\">\n                                        <h3>Management von Bohrwasser<\/h3>\n                                        <div class=\"projet-tile-cat\">\n                                                                                    <\/div>\n                                    <\/div>\n                                <\/div>\n                            <\/a>\n                        <\/div>\n                    <\/div>\n                <\/figure>\n                                <figure class=\"layout-33 realisation tous bausektor-und-tiefbau\">\n                    <div class=\"projet-tile-wrap\">\n                        <div class=\"projet-tile-image\" style=\"background-image:url('https:\/\/www.mudwizard.com\/wp-content\/uploads\/etd-montreal-mudwizard-04.jpg')\">\n                            <a href=\"https:\/\/www.mudwizard.com\/de\/umsetzung\/wasseraufbereitungssysteme-errichtung-neuen-u-bahnlinie-montreal\/\">\n                                <div class=\"projet-tile-infos\">\n                                    <div class=\"projet-tile-title\">\n                                        <h3>Wasseraufbereitungssysteme bei der Errichtung der neuen U-Bahnlinie in Montr\u00e9al<\/h3>\n                                        <div class=\"projet-tile-cat\">\n                                                                                    <\/div>\n                                    <\/div>\n                                <\/div>\n                            <\/a>\n                        <\/div>\n                    <\/div>\n                <\/figure>\n                                <figure class=\"layout-33 realisation tous bergbau-und-steinbruch bausektor-und-tiefbau\">\n                    <div class=\"projet-tile-wrap\">\n                        <div class=\"projet-tile-image\" style=\"background-image:url('https:\/\/www.mudwizard.com\/wp-content\/uploads\/fruta-del-norte-ecuador-mudwizard-01.jpg')\">\n                            <a href=\"https:\/\/www.mudwizard.com\/de\/umsetzung\/multifunktionaler-transportabler-mudwizard-bergbau-tiefbau\/\">\n                                <div class=\"projet-tile-infos\">\n                                    <div class=\"projet-tile-title\">\n                                        <h3>Multifunktionaler, transportabler Mudwizard im Bergbau \/ Tiefbau<\/h3>\n                                        <div class=\"projet-tile-cat\">\n                                                                                    <\/div>\n                                    <\/div>\n                                <\/div>\n                            <\/a>\n                        <\/div>\n                    <\/div>\n                <\/figure>\n                                <figure class=\"layout-33 realisation tous bergbau-und-steinbruch\">\n                    <div class=\"projet-tile-wrap\">\n                        <div class=\"projet-tile-image\" style=\"background-image:url('https:\/\/www.mudwizard.com\/wp-content\/uploads\/pinos-altos-mexico-mudwizard-01.jpg')\">\n                            <a href=\"https:\/\/www.mudwizard.com\/de\/umsetzung\/wassermanagementsystem-tagebau\/\">\n                                <div class=\"projet-tile-infos\">\n                                    <div class=\"projet-tile-title\">\n                                        <h3>Wassermanagementsystem im Tagebau<\/h3>\n                                        <div class=\"projet-tile-cat\">\n                                                                                    <\/div>\n                                    <\/div>\n                                <\/div>\n                            <\/a>\n                        <\/div>\n                    <\/div>\n                <\/figure>\n                                <figure class=\"layout-33 realisation tous tunnelbau\">\n                    <div class=\"projet-tile-wrap\">\n                        <div class=\"projet-tile-image\" style=\"background-image:url('https:\/\/www.mudwizard.com\/wp-content\/uploads\/strabag-toronto-mudwizard-01.jpg')\">\n                            <a href=\"https:\/\/www.mudwizard.com\/de\/umsetzung\/tunnelabwassermanagement\/\">\n                                <div class=\"projet-tile-infos\">\n                                    <div class=\"projet-tile-title\">\n                                        <h3>Tunnelabwassermanagement<\/h3>\n                                        <div class=\"projet-tile-cat\">\n                                                                                    <\/div>\n                                    <\/div>\n                                <\/div>\n                            <\/a>\n                        <\/div>\n                    <\/div>\n                <\/figure>\n                                <figure class=\"layout-33 realisation tous bergbau-und-steinbruch tunnelbau\">\n                    <div class=\"projet-tile-wrap\">\n                        <div class=\"projet-tile-image\" style=\"background-image:url('https:\/\/www.mudwizard.com\/wp-content\/uploads\/kiewitt-new-york-mudwizard-01.jpg')\">\n                            <a href=\"https:\/\/www.mudwizard.com\/de\/umsetzung\/wassermanagement-tunnel-300m-ueber-hudson-river-new-york\/\">\n                                <div class=\"projet-tile-infos\">\n                                    <div class=\"projet-tile-title\">\n                                        <h3>Wassermanagement im Tunnel bei 300m \u00fcber dem Hudson River, New York<\/h3>\n                                        <div class=\"projet-tile-cat\">\n                                                                                    <\/div>\n                                    <\/div>\n                                <\/div>\n                            <\/a>\n                        <\/div>\n                    <\/div>\n                <\/figure>\n                        <\/div>\n    <\/div>\n<\/div>\n\n<\/div><\/div><\/div><\/div><\/div><\/div>","protected":false},"excerpt":{"rendered":"","protected":false},"author":1,"featured_media":0,"parent":0,"menu_order":27,"comment_status":"closed","ping_status":"closed","template":"","meta":{"_acf_changed":false,"footnotes":""},"class_list":["post-3840","page","type-page","status-publish","hentry"],"acf":[],"_links":{"self":[{"href":"https:\/\/www.mudwizard.com\/de\/wp-json\/wp\/v2\/pages\/3840","targetHints":{"allow":["GET"]}}],"collection":[{"href":"https:\/\/www.mudwizard.com\/de\/wp-json\/wp\/v2\/pages"}],"about":[{"href":"https:\/\/www.mudwizard.com\/de\/wp-json\/wp\/v2\/types\/page"}],"author":[{"embeddable":true,"href":"https:\/\/www.mudwizard.com\/de\/wp-json\/wp\/v2\/users\/1"}],"replies":[{"embeddable":true,"href":"https:\/\/www.mudwizard.com\/de\/wp-json\/wp\/v2\/comments?post=3840"}],"version-history":[{"count":14,"href":"https:\/\/www.mudwizard.com\/de\/wp-json\/wp\/v2\/pages\/3840\/revisions"}],"predecessor-version":[{"id":7414,"href":"https:\/\/www.mudwizard.com\/de\/wp-json\/wp\/v2\/pages\/3840\/revisions\/7414"}],"wp:attachment":[{"href":"https:\/\/www.mudwizard.com\/de\/wp-json\/wp\/v2\/media?parent=3840"}],"curies":[{"name":"wp","href":"https:\/\/api.w.org\/{rel}","templated":true}]}}