{"id":2603,"date":"2019-04-29T12:00:45","date_gmt":"2019-04-29T16:00:45","guid":{"rendered":"http:\/\/www.agencedev.com\/mudwizard\/realisations\/"},"modified":"2019-10-02T16:08:21","modified_gmt":"2019-10-02T20:08:21","slug":"realizaciones","status":"publish","type":"page","link":"https:\/\/www.mudwizard.com\/es\/realizaciones\/","title":{"rendered":"Realizaciones"},"content":{"rendered":"<div id=\"pl-2603\"  class=\"panel-layout\" ><div id=\"pg-2603-0\"  class=\"panel-grid panel-has-style\" ><div class=\"siteorigin-panels-stretch boxed tile background-image-attachment panel-row-style panel-row-style-for-2603-0\" ><div id=\"pgc-2603-0-0\"  class=\"panel-grid-cell\" ><div id=\"panel-2603-0-0-0\" class=\"so-panel widget widget_texte_generique panel-first-child panel-last-child\" data-index=\"0\" ><div\n\t\t\t\n\t\t\tclass=\"so-widget-texte_generique so-widget-texte_generique-base\"\n\t\t\t\n\t\t><div class=\"texte-generique-wrap left\"><div class=\"tg-sous-titre\"><h5>Cada proyecto es \u00fanico<\/h5><\/div><div class=\"tg-titre\"><h2>Las posibilidades son infinitas<\/h2><\/div><div class=\"tg-texte\"><p>Nuestro equipo de expertos orgullosamente lleva a cabo proyectos de envergadura y de complejidades variadas. Completamente dedicada a entregar soluciones de bombeo y de gesti\u00f3n del agua a medida, con la meta de establecer relaciones de colaboraci\u00f3n y de cooperaci\u00f3n duradera, fundadas sobre valores de confianza y respeto mutuo.<\/p>\n<p>Los sistemas Mudwizard est\u00e1n instalados en todo el mundo y ayudan las industrias en su rentabilidad, eficacia y productividad. Descubran algunas de nuestras realizaciones.<\/p>\n<\/div><\/div><\/div><\/div><\/div><\/div><\/div><div id=\"pg-2603-1\"  class=\"panel-grid panel-has-style\" ><div class=\"siteorigin-panels-stretch full tile background-image-attachment panel-row-style panel-row-style-for-2603-1\" ><div id=\"pgc-2603-1-0\"  class=\"panel-grid-cell\" ><div id=\"panel-2603-1-0-0\" class=\"so-panel widget widget_realisation-liste panel-first-child panel-last-child\" data-index=\"1\" ><div\n\t\t\t\n\t\t\tclass=\"so-widget-realisation-liste so-widget-realisation-liste-base\"\n\t\t\t\n\t\t><div class=\"realisations_nav\">\n    <nav id=\"filter_action\">\n        <ul>\n            <li id=\"tous\" class=\"current-li\">\n                <a>Todas<\/a>\n            <\/li>\n                            <li id=\"explotacion-minera-y-extraccion\"><a>Explotaci\u00f3n minera y de la extracci\u00f3n<\/a><\/li>\n                                <li id=\"construccion-trabajos-civiles\"><a>Construcci\u00f3n y trabajos civiles<\/a><\/li>\n                                <li id=\"tuneles\"><a>T\u00faneles<\/a><\/li>\n                                <li id=\"perforacion\"><a>Perforaci\u00f3n<\/a><\/li>\n                                <li id=\"energia-petroleo-gas\"><a>Energ\u00eda \u2013 Petr\u00f3leo y Gas<\/a><\/li>\n                        <\/ul>\n    <\/nav>\n<\/div>\n\n\n<div class=\"realisations_wrapper\">\n    <div class=\"mobile-boxed\">\n        <div class=\"layout-flex\">\n                            <figure class=\"layout-33 realisation tous construccion-trabajos-civiles\">\n                    <div class=\"projet-tile-wrap\">\n                        <div class=\"projet-tile-image\" style=\"background-image:url('https:\/\/www.mudwizard.com\/wp-content\/uploads\/IMG_5811-2-2_og.jpg')\">\n                            <a href=\"https:\/\/www.mudwizard.com\/es\/realizacion\/proyecto-de-gasoducto-en-becancour\/\">\n                                <div class=\"projet-tile-infos\">\n                                    <div class=\"projet-tile-title\">\n                                        <h3>Soluci\u00f3n local de tratamiento de agua para el proyecto de gasoducto del sector de bater\u00edas en B\u00e9cancour<\/h3>\n                                        <div class=\"projet-tile-cat\">\n                                                                                    <\/div>\n                                    <\/div>\n                                <\/div>\n                            <\/a>\n                        <\/div>\n                    <\/div>\n                <\/figure>\n                                <figure class=\"layout-33 realisation tous construccion-trabajos-civiles\">\n                    <div class=\"projet-tile-wrap\">\n                        <div class=\"projet-tile-image\" style=\"background-image:url('https:\/\/www.mudwizard.com\/wp-content\/uploads\/2-6-scaled.jpg')\">\n                            <a href=\"https:\/\/www.mudwizard.com\/es\/realizacion\/tratamiento-de-agua-perforacion-cumplimiento-normativo\/\">\n                                <div class=\"projet-tile-infos\">\n                                    <div class=\"projet-tile-title\">\n                                        <h3>Optimizaci\u00f3n del tratamiento de aguas de perforaci\u00f3n para cumplir con las normas ambientales<\/h3>\n                                        <div class=\"projet-tile-cat\">\n                                                                                    <\/div>\n                                    <\/div>\n                                <\/div>\n                            <\/a>\n                        <\/div>\n                    <\/div>\n                <\/figure>\n                                <figure class=\"layout-33 realisation tous construccion-trabajos-civiles\">\n                    <div class=\"projet-tile-wrap\">\n                        <div class=\"projet-tile-image\" style=\"background-image:url('https:\/\/www.mudwizard.com\/wp-content\/uploads\/achievements-2025-01-01.png')\">\n                            <a href=\"https:\/\/www.mudwizard.com\/es\/realizacion\/tuberia-temporal-de-desague-y-estacion-de-tratamiento-de-aguas-de-demolicion\/\">\n                                <div class=\"projet-tile-infos\">\n                                    <div class=\"projet-tile-title\">\n                                        <h3>Tuber\u00eda temporal de desag\u00fce y estaci\u00f3n de tratamiento de aguas de demolici\u00f3n<\/h3>\n                                        <div class=\"projet-tile-cat\">\n                                                                                    <\/div>\n                                    <\/div>\n                                <\/div>\n                            <\/a>\n                        <\/div>\n                    <\/div>\n                <\/figure>\n                                <figure class=\"layout-33 realisation tous construccion-trabajos-civiles\">\n                    <div class=\"projet-tile-wrap\">\n                        <div class=\"projet-tile-image\" style=\"background-image:url('https:\/\/www.mudwizard.com\/wp-content\/uploads\/Realisation_gestion_boues_chantier_construction_3-scaled.jpg')\">\n                            <a href=\"https:\/\/www.mudwizard.com\/es\/realizacion\/gestion-de-lodos-en-obras-montreal\/\">\n                                <div class=\"projet-tile-infos\">\n                                    <div class=\"projet-tile-title\">\n                                        <h3>Gesti\u00f3n de lodos en obras &#8211; Montreal<\/h3>\n                                        <div class=\"projet-tile-cat\">\n                                                                                    <\/div>\n                                    <\/div>\n                                <\/div>\n                            <\/a>\n                        <\/div>\n                    <\/div>\n                <\/figure>\n                                <figure class=\"layout-33 realisation tous construccion-trabajos-civiles\">\n                    <div class=\"projet-tile-wrap\">\n                        <div class=\"projet-tile-image\" style=\"background-image:url('https:\/\/www.mudwizard.com\/wp-content\/uploads\/refection-tunnel-louis-hyppolite-lafontaine-og.jpg')\">\n                            <a href=\"https:\/\/www.mudwizard.com\/es\/realizacion\/refaccion-del-tunel-louis-hyppolite-lafontaine\/\">\n                                <div class=\"projet-tile-infos\">\n                                    <div class=\"projet-tile-title\">\n                                        <h3>Refacci\u00f3n del t\u00fanel Louis-Hyppolite Lafontaine<\/h3>\n                                        <div class=\"projet-tile-cat\">\n                                                                                    <\/div>\n                                    <\/div>\n                                <\/div>\n                            <\/a>\n                        <\/div>\n                    <\/div>\n                <\/figure>\n                                <figure class=\"layout-33 realisation tous construccion-trabajos-civiles\">\n                    <div class=\"projet-tile-wrap\">\n                        <div class=\"projet-tile-image\" style=\"background-image:url('https:\/\/www.mudwizard.com\/wp-content\/uploads\/reconstruction-pont-ile-aux-tourtes-og.jpg')\">\n                            <a href=\"https:\/\/www.mudwizard.com\/es\/realizacion\/reconstruccion-del-puente-ile-aux-tourtes\/\">\n                                <div class=\"projet-tile-infos\">\n                                    <div class=\"projet-tile-title\">\n                                        <h3>Reconstrucci\u00f3n del puente \u00cele-aux-tourtes<\/h3>\n                                        <div class=\"projet-tile-cat\">\n                                                                                    <\/div>\n                                    <\/div>\n                                <\/div>\n                            <\/a>\n                        <\/div>\n                    <\/div>\n                <\/figure>\n                                <figure class=\"layout-33 realisation tous construccion-trabajos-civiles\">\n                    <div class=\"projet-tile-wrap\">\n                        <div class=\"projet-tile-image\" style=\"background-image:url('https:\/\/www.mudwizard.com\/wp-content\/uploads\/phase-2-tlr-prolongement-est-ligne-confederation-gallery-og.jpg')\">\n                            <a href=\"https:\/\/www.mudwizard.com\/es\/realizacion\/fase-2-tlr-prolongacion-este-linea-confederacion\/\">\n                                <div class=\"projet-tile-infos\">\n                                    <div class=\"projet-tile-title\">\n                                        <h3>Fase 2 del TLR &#8211; Prolongaci\u00f3n este de la l\u00ednea de la Confederaci\u00f3n<\/h3>\n                                        <div class=\"projet-tile-cat\">\n                                                                                    <\/div>\n                                    <\/div>\n                                <\/div>\n                            <\/a>\n                        <\/div>\n                    <\/div>\n                <\/figure>\n                                <figure class=\"layout-33 realisation tous construccion-trabajos-civiles\">\n                    <div class=\"projet-tile-wrap\">\n                        <div class=\"projet-tile-image\" style=\"background-image:url('https:\/\/www.mudwizard.com\/wp-content\/uploads\/image-og-6.jpg')\">\n                            <a href=\"https:\/\/www.mudwizard.com\/es\/realizacion\/construccion-centro-hospitalario-vaudreuil-soulanges\/\">\n                                <div class=\"projet-tile-infos\">\n                                    <div class=\"projet-tile-title\">\n                                        <h3>Construcci\u00f3n &#8211; Centro Hospitalario Vaudreuil-Soulanges<\/h3>\n                                        <div class=\"projet-tile-cat\">\n                                                                                    <\/div>\n                                    <\/div>\n                                <\/div>\n                            <\/a>\n                        <\/div>\n                    <\/div>\n                <\/figure>\n                                <figure class=\"layout-33 realisation tous explotacion-minera-y-extraccion\">\n                    <div class=\"projet-tile-wrap\">\n                        <div class=\"projet-tile-image\" style=\"background-image:url('https:\/\/www.mudwizard.com\/wp-content\/uploads\/image-og-4.jpg')\">\n                            <a href=\"https:\/\/www.mudwizard.com\/es\/realizacion\/tratamiento-aguas-residuales-mina-cielo-abierto-proyecto-cote-gold\/\">\n                                <div class=\"projet-tile-infos\">\n                                    <div class=\"projet-tile-title\">\n                                        <h3>Tratamiento de aguas residuales &#8211; Mina a cielo abierto &#8211; Proyecto C\u00f4t\u00e9 Gold<\/h3>\n                                        <div class=\"projet-tile-cat\">\n                                                                                    <\/div>\n                                    <\/div>\n                                <\/div>\n                            <\/a>\n                        <\/div>\n                    <\/div>\n                <\/figure>\n                                <figure class=\"layout-33 realisation tous explotacion-minera-y-extraccion\">\n                    <div class=\"projet-tile-wrap\">\n                        <div class=\"projet-tile-image\" style=\"background-image:url('https:\/\/www.mudwizard.com\/wp-content\/uploads\/image-og-3.jpg')\">\n                            <a href=\"https:\/\/www.mudwizard.com\/es\/realizacion\/tratamiento-lodos-operaciones-subterraneas-mina-odyssey\/\">\n                                <div class=\"projet-tile-infos\">\n                                    <div class=\"projet-tile-title\">\n                                        <h3>Tratamiento de lodos &#8211; Operaciones subterr\u00e1neas &#8211; Mina Odyssey<\/h3>\n                                        <div class=\"projet-tile-cat\">\n                                                                                    <\/div>\n                                    <\/div>\n                                <\/div>\n                            <\/a>\n                        <\/div>\n                    <\/div>\n                <\/figure>\n                                <figure class=\"layout-33 realisation tous energia-petroleo-gas\">\n                    <div class=\"projet-tile-wrap\">\n                        <div class=\"projet-tile-image\" style=\"background-image:url('https:\/\/www.mudwizard.com\/wp-content\/uploads\/image-og-2.jpg')\">\n                            <a href=\"https:\/\/www.mudwizard.com\/es\/realizacion\/refaccion-central-hidroelectrica-carillon\/\">\n                                <div class=\"projet-tile-infos\">\n                                    <div class=\"projet-tile-title\">\n                                        <h3>Refacci\u00f3n &#8211; Central Hidroel\u00e9ctrica Carillon<\/h3>\n                                        <div class=\"projet-tile-cat\">\n                                                                                    <\/div>\n                                    <\/div>\n                                <\/div>\n                            <\/a>\n                        <\/div>\n                    <\/div>\n                <\/figure>\n                                <figure class=\"layout-33 realisation tous construccion-trabajos-civiles\">\n                    <div class=\"projet-tile-wrap\">\n                        <div class=\"projet-tile-image\" style=\"background-image:url('https:\/\/www.mudwizard.com\/wp-content\/uploads\/image-og-1.jpg')\">\n                            <a href=\"https:\/\/www.mudwizard.com\/es\/realizacion\/red-colectora-alcantarillas-pluviales-toronto\/\">\n                                <div class=\"projet-tile-infos\">\n                                    <div class=\"projet-tile-title\">\n                                        <h3>Red colectora de alcantarillas pluviales &#8211; Ciudad de Toronto<\/h3>\n                                        <div class=\"projet-tile-cat\">\n                                                                                    <\/div>\n                                    <\/div>\n                                <\/div>\n                            <\/a>\n                        <\/div>\n                    <\/div>\n                <\/figure>\n                                <figure class=\"layout-33 realisation tous construccion-trabajos-civiles\">\n                    <div class=\"projet-tile-wrap\">\n                        <div class=\"projet-tile-image\" style=\"background-image:url('https:\/\/www.mudwizard.com\/wp-content\/uploads\/image-og.jpg')\">\n                            <a href=\"https:\/\/www.mudwizard.com\/es\/realizacion\/construccion-estacion-reseau-express-metropolitain\/\">\n                                <div class=\"projet-tile-infos\">\n                                    <div class=\"projet-tile-title\">\n                                        <h3>Construcci\u00f3n de la estaci\u00f3n R\u00e9seau Express M\u00e9tropolitain (REM)<\/h3>\n                                        <div class=\"projet-tile-cat\">\n                                                                                    <\/div>\n                                    <\/div>\n                                <\/div>\n                            <\/a>\n                        <\/div>\n                    <\/div>\n                <\/figure>\n                                <figure class=\"layout-33 realisation tous construccion-trabajos-civiles perforacion\">\n                    <div class=\"projet-tile-wrap\">\n                        <div class=\"projet-tile-image\" style=\"background-image:url('https:\/\/www.mudwizard.com\/wp-content\/uploads\/img_4715-scaled.jpg')\">\n                            <a href=\"https:\/\/www.mudwizard.com\/es\/realizacion\/managing-water-from-drilling\/\">\n                                <div class=\"projet-tile-infos\">\n                                    <div class=\"projet-tile-title\">\n                                        <h3>Managing water from drilling<\/h3>\n                                        <div class=\"projet-tile-cat\">\n                                                                                    <\/div>\n                                    <\/div>\n                                <\/div>\n                            <\/a>\n                        <\/div>\n                    <\/div>\n                <\/figure>\n                                <figure class=\"layout-33 realisation tous construccion-trabajos-civiles\">\n                    <div class=\"projet-tile-wrap\">\n                        <div class=\"projet-tile-image\" style=\"background-image:url('https:\/\/www.mudwizard.com\/wp-content\/uploads\/etd-montreal-mudwizard-01.jpg')\">\n                            <a href=\"https:\/\/www.mudwizard.com\/es\/realizacion\/sistema-tratamiento-aguas-para-construccion-nuevas-lineas-metro-montreal\/\">\n                                <div class=\"projet-tile-infos\">\n                                    <div class=\"projet-tile-title\">\n                                        <h3>Sistema de tratamiento de aguas para la construcci\u00f3n de las nuevas l\u00edneas del Metro de Montreal<\/h3>\n                                        <div class=\"projet-tile-cat\">\n                                                                                    <\/div>\n                                    <\/div>\n                                <\/div>\n                            <\/a>\n                        <\/div>\n                    <\/div>\n                <\/figure>\n                                <figure class=\"layout-33 realisation tous explotacion-minera-y-extraccion construccion-trabajos-civiles\">\n                    <div class=\"projet-tile-wrap\">\n                        <div class=\"projet-tile-image\" style=\"background-image:url('https:\/\/www.mudwizard.com\/wp-content\/uploads\/fruta-del-norte-ecuador-mudwizard-01.jpg')\">\n                            <a href=\"https:\/\/www.mudwizard.com\/es\/realizacion\/mudwizard-portatil-usos-multiples-sitio-minero-construccion\/\">\n                                <div class=\"projet-tile-infos\">\n                                    <div class=\"projet-tile-title\">\n                                        <h3>Mudwizard port\u00e1til para usos m\u00faltiples en un sitio minero\/de construcci\u00f3n<\/h3>\n                                        <div class=\"projet-tile-cat\">\n                                                                                    <\/div>\n                                    <\/div>\n                                <\/div>\n                            <\/a>\n                        <\/div>\n                    <\/div>\n                <\/figure>\n                                <figure class=\"layout-33 realisation tous explotacion-minera-y-extraccion\">\n                    <div class=\"projet-tile-wrap\">\n                        <div class=\"projet-tile-image\" style=\"background-image:url('https:\/\/www.mudwizard.com\/wp-content\/uploads\/pinos-altos-mexico-mudwizard-01.jpg')\">\n                            <a href=\"https:\/\/www.mudwizard.com\/es\/realizacion\/sistema-tratamiento-agua-efluentes-mina-subterranea\/\">\n                                <div class=\"projet-tile-infos\">\n                                    <div class=\"projet-tile-title\">\n                                        <h3>Sistema de tratamiento de agua de los efluentes de una mina subterr\u00e1nea<\/h3>\n                                        <div class=\"projet-tile-cat\">\n                                                                                    <\/div>\n                                    <\/div>\n                                <\/div>\n                            <\/a>\n                        <\/div>\n                    <\/div>\n                <\/figure>\n                                <figure class=\"layout-33 realisation tous tuneles\">\n                    <div class=\"projet-tile-wrap\">\n                        <div class=\"projet-tile-image\" style=\"background-image:url('https:\/\/www.mudwizard.com\/wp-content\/uploads\/strabag-toronto-mudwizard-01.jpg')\">\n                            <a href=\"https:\/\/www.mudwizard.com\/es\/realizacion\/gestion-aguas-desague-tunel\/\">\n                                <div class=\"projet-tile-infos\">\n                                    <div class=\"projet-tile-title\">\n                                        <h3>Gesti\u00f3n de las aguas de desag\u00fce de un t\u00fanel<\/h3>\n                                        <div class=\"projet-tile-cat\">\n                                                                                    <\/div>\n                                    <\/div>\n                                <\/div>\n                            <\/a>\n                        <\/div>\n                    <\/div>\n                <\/figure>\n                                <figure class=\"layout-33 realisation tous explotacion-minera-y-extraccion tuneles\">\n                    <div class=\"projet-tile-wrap\">\n                        <div class=\"projet-tile-image\" style=\"background-image:url('https:\/\/www.mudwizard.com\/wp-content\/uploads\/kiewitt-new-york-mudwizard-01.jpg')\">\n                            <a href=\"https:\/\/www.mudwizard.com\/es\/realizacion\/tunel-gestion-aguas-bajo-rio-hudson-nueva-york\/\">\n                                <div class=\"projet-tile-infos\">\n                                    <div class=\"projet-tile-title\">\n                                        <h3>T\u00fanel de gesti\u00f3n de aguas, 300 metros bajo el r\u00edo Hudson, Nueva York<\/h3>\n                                        <div class=\"projet-tile-cat\">\n                                                                                    <\/div>\n                                    <\/div>\n                                <\/div>\n                            <\/a>\n                        <\/div>\n                    <\/div>\n                <\/figure>\n                        <\/div>\n    <\/div>\n<\/div>\n\n<\/div><\/div><\/div><\/div><\/div><\/div>","protected":false},"excerpt":{"rendered":"","protected":false},"author":1,"featured_media":0,"parent":0,"menu_order":29,"comment_status":"closed","ping_status":"closed","template":"","meta":{"_acf_changed":false,"footnotes":""},"class_list":["post-2603","page","type-page","status-publish","hentry"],"acf":[],"_links":{"self":[{"href":"https:\/\/www.mudwizard.com\/es\/wp-json\/wp\/v2\/pages\/2603","targetHints":{"allow":["GET"]}}],"collection":[{"href":"https:\/\/www.mudwizard.com\/es\/wp-json\/wp\/v2\/pages"}],"about":[{"href":"https:\/\/www.mudwizard.com\/es\/wp-json\/wp\/v2\/types\/page"}],"author":[{"embeddable":true,"href":"https:\/\/www.mudwizard.com\/es\/wp-json\/wp\/v2\/users\/1"}],"replies":[{"embeddable":true,"href":"https:\/\/www.mudwizard.com\/es\/wp-json\/wp\/v2\/comments?post=2603"}],"version-history":[{"count":4,"href":"https:\/\/www.mudwizard.com\/es\/wp-json\/wp\/v2\/pages\/2603\/revisions"}],"predecessor-version":[{"id":2762,"href":"https:\/\/www.mudwizard.com\/es\/wp-json\/wp\/v2\/pages\/2603\/revisions\/2762"}],"wp:attachment":[{"href":"https:\/\/www.mudwizard.com\/es\/wp-json\/wp\/v2\/media?parent=2603"}],"curies":[{"name":"wp","href":"https:\/\/api.w.org\/{rel}","templated":true}]}}