{"id":821,"date":"2019-04-29T12:00:45","date_gmt":"2019-04-29T16:00:45","guid":{"rendered":"http:\/\/www.agencedev.com\/mudwizard\/?page_id=821"},"modified":"2019-10-01T10:39:37","modified_gmt":"2019-10-01T14:39:37","slug":"realisations","status":"publish","type":"page","link":"https:\/\/www.mudwizard.com\/fr\/realisations\/","title":{"rendered":"R\u00e9alisations"},"content":{"rendered":"<div id=\"pl-821\"  class=\"panel-layout\" ><div id=\"pg-821-0\"  class=\"panel-grid panel-has-style\" ><div class=\"siteorigin-panels-stretch boxed tile background-image-attachment panel-row-style panel-row-style-for-821-0\" ><div id=\"pgc-821-0-0\"  class=\"panel-grid-cell\" ><div id=\"panel-821-0-0-0\" class=\"so-panel widget widget_texte_generique panel-first-child panel-last-child\" data-index=\"0\" ><div\n\t\t\t\n\t\t\tclass=\"so-widget-texte_generique so-widget-texte_generique-base\"\n\t\t\t\n\t\t><div class=\"texte-generique-wrap left\"><div class=\"tg-sous-titre\"><h5>Chaque projet est unique<\/h5><\/div><div class=\"tg-titre\"><h2>Les possiblit\u00e9s sont infinies<\/h2><\/div><div class=\"tg-texte\"><p>Notre \u00e9quipe d\u2019experts m\u00e8ne avec fiert\u00e9 des projets de diverses envergures et de complexit\u00e9s vari\u00e9es. Enti\u00e8rement d\u00e9di\u00e9e \u00e0 livrer des solutions de pompage et de gestion des eaux sur mesure, c\u2019est dans un objectif de collaboration et de partenariat durable, cr\u00e9ateur de valeur, que nous b\u00e2tissons et entretenons nos relations.<\/p>\n<p>Des syst\u00e8mes Mudwizard sont install\u00e9s partout sur le globe et aident les industries \u00e0 \u00eatre plus rentables, efficaces et productives. D\u00e9couvrez quelques-unes de nos r\u00e9alisations.<\/p>\n<\/div><\/div><\/div><\/div><\/div><\/div><\/div><div id=\"pg-821-1\"  class=\"panel-grid panel-has-style\" ><div class=\"siteorigin-panels-stretch full tile background-image-attachment panel-row-style panel-row-style-for-821-1\" ><div id=\"pgc-821-1-0\"  class=\"panel-grid-cell\" ><div id=\"panel-821-1-0-0\" class=\"so-panel widget widget_realisation-liste panel-first-child panel-last-child\" data-index=\"1\" ><div\n\t\t\t\n\t\t\tclass=\"so-widget-realisation-liste so-widget-realisation-liste-base\"\n\t\t\t\n\t\t><div class=\"realisations_nav\">\n    <nav id=\"filter_action\">\n        <ul>\n            <li id=\"tous\" class=\"current-li\">\n                <a>Toutes<\/a>\n            <\/li>\n                            <li id=\"mine-carrieres\"><a>Mine et carri\u00e8res<\/a><\/li>\n                                <li id=\"construction-travaux-civils\"><a>Construction et travaux civils<\/a><\/li>\n                                <li id=\"tunnel\"><a>Tunnel<\/a><\/li>\n                                <li id=\"forage\"><a>Forage<\/a><\/li>\n                                <li id=\"energie-petrole-et-gaz\"><a>\u00c9nergie - P\u00e9trole et gaz<\/a><\/li>\n                        <\/ul>\n    <\/nav>\n<\/div>\n\n\n<div class=\"realisations_wrapper\">\n    <div class=\"mobile-boxed\">\n        <div class=\"layout-flex\">\n                            <figure class=\"layout-33 realisation tous construction-travaux-civils\">\n                    <div class=\"projet-tile-wrap\">\n                        <div class=\"projet-tile-image\" style=\"background-image:url('https:\/\/www.mudwizard.com\/wp-content\/uploads\/2-6-scaled.jpg')\">\n                            <a href=\"https:\/\/www.mudwizard.com\/fr\/realisation\/traitement-eau-forage-conformite\/\">\n                                <div class=\"projet-tile-infos\">\n                                    <div class=\"projet-tile-title\">\n                                        <h3>Optimisation du traitement des eaux de forage pour le respect des normes environnementales<\/h3>\n                                        <div class=\"projet-tile-cat\">\n                                                                                    <\/div>\n                                    <\/div>\n                                <\/div>\n                            <\/a>\n                        <\/div>\n                    <\/div>\n                <\/figure>\n                                <figure class=\"layout-33 realisation tous construction-travaux-civils\">\n                    <div class=\"projet-tile-wrap\">\n                        <div class=\"projet-tile-image\" style=\"background-image:url('https:\/\/www.mudwizard.com\/wp-content\/uploads\/achievements-2025-01-01.png')\">\n                            <a href=\"https:\/\/www.mudwizard.com\/fr\/realisation\/conduite-provisoire-exhaure-et-station-traitement-eau-demolition\/\">\n                                <div class=\"projet-tile-infos\">\n                                    <div class=\"projet-tile-title\">\n                                        <h3>Conduite provisoire d\u2019exhaure et station de traitement de l\u2019eau de d\u00e9molition<\/h3>\n                                        <div class=\"projet-tile-cat\">\n                                                                                    <\/div>\n                                    <\/div>\n                                <\/div>\n                            <\/a>\n                        <\/div>\n                    <\/div>\n                <\/figure>\n                                <figure class=\"layout-33 realisation tous construction-travaux-civils\">\n                    <div class=\"projet-tile-wrap\">\n                        <div class=\"projet-tile-image\" style=\"background-image:url('https:\/\/www.mudwizard.com\/wp-content\/uploads\/IMG_5811-2-2_og.jpg')\">\n                            <a href=\"https:\/\/www.mudwizard.com\/fr\/realisation\/solution-traitement-projet-conduite-gaz-filiere-batterie-becancour\/\">\n                                <div class=\"projet-tile-infos\">\n                                    <div class=\"projet-tile-title\">\n                                        <h3>Solution de traitement sur site pour un projet de conduite de gaz &#8211; Fili\u00e8re batterie B\u00e9cancour<\/h3>\n                                        <div class=\"projet-tile-cat\">\n                                                                                    <\/div>\n                                    <\/div>\n                                <\/div>\n                            <\/a>\n                        <\/div>\n                    <\/div>\n                <\/figure>\n                                <figure class=\"layout-33 realisation tous construction-travaux-civils\">\n                    <div class=\"projet-tile-wrap\">\n                        <div class=\"projet-tile-image\" style=\"background-image:url('https:\/\/www.mudwizard.com\/wp-content\/uploads\/Realisation_gestion_boues_chantier_construction_3-scaled.jpg')\">\n                            <a href=\"https:\/\/www.mudwizard.com\/fr\/realisation\/gestion-des-boues-de-chantiers-montreal\/\">\n                                <div class=\"projet-tile-infos\">\n                                    <div class=\"projet-tile-title\">\n                                        <h3>Gestion des boues de chantiers &#8211; Montr\u00e9al<\/h3>\n                                        <div class=\"projet-tile-cat\">\n                                                                                    <\/div>\n                                    <\/div>\n                                <\/div>\n                            <\/a>\n                        <\/div>\n                    <\/div>\n                <\/figure>\n                                <figure class=\"layout-33 realisation tous construction-travaux-civils\">\n                    <div class=\"projet-tile-wrap\">\n                        <div class=\"projet-tile-image\" style=\"background-image:url('https:\/\/www.mudwizard.com\/wp-content\/uploads\/refection-tunnel-louis-hyppolite-lafontaine-og.jpg')\">\n                            <a href=\"https:\/\/www.mudwizard.com\/fr\/realisation\/refection-du-tunnel-louis-hyppolite-lafontaine\/\">\n                                <div class=\"projet-tile-infos\">\n                                    <div class=\"projet-tile-title\">\n                                        <h3>R\u00e9fection du tunnel Louis-Hyppolite Lafontaine<\/h3>\n                                        <div class=\"projet-tile-cat\">\n                                                                                    <\/div>\n                                    <\/div>\n                                <\/div>\n                            <\/a>\n                        <\/div>\n                    <\/div>\n                <\/figure>\n                                <figure class=\"layout-33 realisation tous construction-travaux-civils\">\n                    <div class=\"projet-tile-wrap\">\n                        <div class=\"projet-tile-image\" style=\"background-image:url('https:\/\/www.mudwizard.com\/wp-content\/uploads\/reconstruction-pont-ile-aux-tourtes-og.jpg')\">\n                            <a href=\"https:\/\/www.mudwizard.com\/fr\/realisation\/reconstruction-pont-ile-aux-tourtes\/\">\n                                <div class=\"projet-tile-infos\">\n                                    <div class=\"projet-tile-title\">\n                                        <h3>Reconstruction du pont de l\u2019\u00cele-aux-tourtes<\/h3>\n                                        <div class=\"projet-tile-cat\">\n                                                                                    <\/div>\n                                    <\/div>\n                                <\/div>\n                            <\/a>\n                        <\/div>\n                    <\/div>\n                <\/figure>\n                                <figure class=\"layout-33 realisation tous construction-travaux-civils\">\n                    <div class=\"projet-tile-wrap\">\n                        <div class=\"projet-tile-image\" style=\"background-image:url('https:\/\/www.mudwizard.com\/wp-content\/uploads\/phase-2-tlr-prolongement-est-ligne-confederation-gallery-og.jpg')\">\n                            <a href=\"https:\/\/www.mudwizard.com\/fr\/realisation\/phase-2-du-tlr-prolongement-est-de-la-ligne-de-la-confederation\/\">\n                                <div class=\"projet-tile-infos\">\n                                    <div class=\"projet-tile-title\">\n                                        <h3>Phase 2 du TLR &#8211; Prolongement est de la ligne de la Conf\u00e9d\u00e9ration<\/h3>\n                                        <div class=\"projet-tile-cat\">\n                                                                                    <\/div>\n                                    <\/div>\n                                <\/div>\n                            <\/a>\n                        <\/div>\n                    <\/div>\n                <\/figure>\n                                <figure class=\"layout-33 realisation tous construction-travaux-civils\">\n                    <div class=\"projet-tile-wrap\">\n                        <div class=\"projet-tile-image\" style=\"background-image:url('https:\/\/www.mudwizard.com\/wp-content\/uploads\/image-og-6.jpg')\">\n                            <a href=\"https:\/\/www.mudwizard.com\/fr\/realisation\/construction-centre-hospitalier-vaudreuil-soulanges\/\">\n                                <div class=\"projet-tile-infos\">\n                                    <div class=\"projet-tile-title\">\n                                        <h3>Construction &#8211; Centre hospitalier Vaudreuil-Soulanges<\/h3>\n                                        <div class=\"projet-tile-cat\">\n                                                                                    <\/div>\n                                    <\/div>\n                                <\/div>\n                            <\/a>\n                        <\/div>\n                    <\/div>\n                <\/figure>\n                                <figure class=\"layout-33 realisation tous mine-carrieres\">\n                    <div class=\"projet-tile-wrap\">\n                        <div class=\"projet-tile-image\" style=\"background-image:url('https:\/\/www.mudwizard.com\/wp-content\/uploads\/image-og-4.jpg')\">\n                            <a href=\"https:\/\/www.mudwizard.com\/fr\/realisation\/traitement-eaux-denoyage-fosse-ciel-ouvert-projet-cote-gold\/\">\n                                <div class=\"projet-tile-infos\">\n                                    <div class=\"projet-tile-title\">\n                                        <h3>Traitement des eaux de d\u00e9noyage &#8211; Fosse \u00e0 ciel ouvert \u2013 Projet C\u00f4t\u00e9 Gold<\/h3>\n                                        <div class=\"projet-tile-cat\">\n                                                                                    <\/div>\n                                    <\/div>\n                                <\/div>\n                            <\/a>\n                        <\/div>\n                    <\/div>\n                <\/figure>\n                                <figure class=\"layout-33 realisation tous mine-carrieres\">\n                    <div class=\"projet-tile-wrap\">\n                        <div class=\"projet-tile-image\" style=\"background-image:url('https:\/\/www.mudwizard.com\/wp-content\/uploads\/image-og-3.jpg')\">\n                            <a href=\"https:\/\/www.mudwizard.com\/fr\/realisation\/traitement-boues-operations-souterraines-mine-odyssey\/\">\n                                <div class=\"projet-tile-infos\">\n                                    <div class=\"projet-tile-title\">\n                                        <h3>Traitement des boues &#8211; Op\u00e9rations souterraines \u2013 Mine Odyssey<\/h3>\n                                        <div class=\"projet-tile-cat\">\n                                                                                    <\/div>\n                                    <\/div>\n                                <\/div>\n                            <\/a>\n                        <\/div>\n                    <\/div>\n                <\/figure>\n                                <figure class=\"layout-33 realisation tous energie-petrole-et-gaz\">\n                    <div class=\"projet-tile-wrap\">\n                        <div class=\"projet-tile-image\" style=\"background-image:url('https:\/\/www.mudwizard.com\/wp-content\/uploads\/image-og-2.jpg')\">\n                            <a href=\"https:\/\/www.mudwizard.com\/fr\/realisation\/refection-centrale-hydroelectrique-carillon\/\">\n                                <div class=\"projet-tile-infos\">\n                                    <div class=\"projet-tile-title\">\n                                        <h3>R\u00e9fection &#8211; Centrale hydro\u00e9lectrique Carillon<\/h3>\n                                        <div class=\"projet-tile-cat\">\n                                                                                    <\/div>\n                                    <\/div>\n                                <\/div>\n                            <\/a>\n                        <\/div>\n                    <\/div>\n                <\/figure>\n                                <figure class=\"layout-33 realisation tous construction-travaux-civils\">\n                    <div class=\"projet-tile-wrap\">\n                        <div class=\"projet-tile-image\" style=\"background-image:url('https:\/\/www.mudwizard.com\/wp-content\/uploads\/image-og-1.jpg')\">\n                            <a href=\"https:\/\/www.mudwizard.com\/fr\/realisation\/reseau-collecteur-egouts-pluviaux-toronto\/\">\n                                <div class=\"projet-tile-infos\">\n                                    <div class=\"projet-tile-title\">\n                                        <h3>R\u00e9seau collecteur d&rsquo;\u00e9gouts pluviaux &#8211; Ville de Toronto<\/h3>\n                                        <div class=\"projet-tile-cat\">\n                                                                                    <\/div>\n                                    <\/div>\n                                <\/div>\n                            <\/a>\n                        <\/div>\n                    <\/div>\n                <\/figure>\n                                <figure class=\"layout-33 realisation tous construction-travaux-civils\">\n                    <div class=\"projet-tile-wrap\">\n                        <div class=\"projet-tile-image\" style=\"background-image:url('https:\/\/www.mudwizard.com\/wp-content\/uploads\/image-og.jpg')\">\n                            <a href=\"https:\/\/www.mudwizard.com\/fr\/realisation\/construction-station-reseau-express-metropolitain\/\">\n                                <div class=\"projet-tile-infos\">\n                                    <div class=\"projet-tile-title\">\n                                        <h3>Construction de la station du R\u00e9seau Express M\u00e9tropolitain (REM)<\/h3>\n                                        <div class=\"projet-tile-cat\">\n                                                                                    <\/div>\n                                    <\/div>\n                                <\/div>\n                            <\/a>\n                        <\/div>\n                    <\/div>\n                <\/figure>\n                                <figure class=\"layout-33 realisation tous construction-travaux-civils forage\">\n                    <div class=\"projet-tile-wrap\">\n                        <div class=\"projet-tile-image\" style=\"background-image:url('https:\/\/www.mudwizard.com\/wp-content\/uploads\/img_4715-scaled.jpg')\">\n                            <a href=\"https:\/\/www.mudwizard.com\/fr\/realisation\/systeme-traitement-eau-forage\/\">\n                                <div class=\"projet-tile-infos\">\n                                    <div class=\"projet-tile-title\">\n                                        <h3>Syst\u00e8me de traitement de l&rsquo;eau de forage<\/h3>\n                                        <div class=\"projet-tile-cat\">\n                                                                                    <\/div>\n                                    <\/div>\n                                <\/div>\n                            <\/a>\n                        <\/div>\n                    <\/div>\n                <\/figure>\n                                <figure class=\"layout-33 realisation tous construction-travaux-civils\">\n                    <div class=\"projet-tile-wrap\">\n                        <div class=\"projet-tile-image\" style=\"background-image:url('https:\/\/www.mudwizard.com\/wp-content\/uploads\/etd-montreal-mudwizard-01.jpg')\">\n                            <a href=\"https:\/\/www.mudwizard.com\/fr\/realisation\/systeme-traitement-eaux-construction-nouvelles-rames-metro-montreal\/\">\n                                <div class=\"projet-tile-infos\">\n                                    <div class=\"projet-tile-title\">\n                                        <h3>Syst\u00e8me de traitement des eaux pour la construction des nouvelles rames du Metro de Montr\u00e9al<\/h3>\n                                        <div class=\"projet-tile-cat\">\n                                                                                    <\/div>\n                                    <\/div>\n                                <\/div>\n                            <\/a>\n                        <\/div>\n                    <\/div>\n                <\/figure>\n                                <figure class=\"layout-33 realisation tous mine-carrieres construction-travaux-civils\">\n                    <div class=\"projet-tile-wrap\">\n                        <div class=\"projet-tile-image\" style=\"background-image:url('https:\/\/www.mudwizard.com\/wp-content\/uploads\/fruta-del-norte-ecuador-mudwizard-01.jpg')\">\n                            <a href=\"https:\/\/www.mudwizard.com\/fr\/realisation\/mudwizard-portatif-usage-multiple-site-minier-construction\/\">\n                                <div class=\"projet-tile-infos\">\n                                    <div class=\"projet-tile-title\">\n                                        <h3>Mudwizard portatif pour usage multiple sur site minier\/construction<\/h3>\n                                        <div class=\"projet-tile-cat\">\n                                                                                    <\/div>\n                                    <\/div>\n                                <\/div>\n                            <\/a>\n                        <\/div>\n                    <\/div>\n                <\/figure>\n                                <figure class=\"layout-33 realisation tous mine-carrieres\">\n                    <div class=\"projet-tile-wrap\">\n                        <div class=\"projet-tile-image\" style=\"background-image:url('https:\/\/www.mudwizard.com\/wp-content\/uploads\/pinos-altos-mexico-mudwizard-01.jpg')\">\n                            <a href=\"https:\/\/www.mudwizard.com\/fr\/realisation\/systeme-traitement-eau-effluents-mine-souterraine\/\">\n                                <div class=\"projet-tile-infos\">\n                                    <div class=\"projet-tile-title\">\n                                        <h3>Syst\u00e8me de traitement d\u2019eau des effluents d\u2019une mine souterraine<\/h3>\n                                        <div class=\"projet-tile-cat\">\n                                                                                    <\/div>\n                                    <\/div>\n                                <\/div>\n                            <\/a>\n                        <\/div>\n                    <\/div>\n                <\/figure>\n                                <figure class=\"layout-33 realisation tous tunnel\">\n                    <div class=\"projet-tile-wrap\">\n                        <div class=\"projet-tile-image\" style=\"background-image:url('https:\/\/www.mudwizard.com\/wp-content\/uploads\/strabag-toronto-mudwizard-01.jpg')\">\n                            <a href=\"https:\/\/www.mudwizard.com\/fr\/realisation\/gestion-eaux-denoyage-tunnel\/\">\n                                <div class=\"projet-tile-infos\">\n                                    <div class=\"projet-tile-title\">\n                                        <h3>Gestion des eaux de d\u00e9noyage d\u2019un tunnel<\/h3>\n                                        <div class=\"projet-tile-cat\">\n                                                                                    <\/div>\n                                    <\/div>\n                                <\/div>\n                            <\/a>\n                        <\/div>\n                    <\/div>\n                <\/figure>\n                                <figure class=\"layout-33 realisation tous mine-carrieres tunnel\">\n                    <div class=\"projet-tile-wrap\">\n                        <div class=\"projet-tile-image\" style=\"background-image:url('https:\/\/www.mudwizard.com\/wp-content\/uploads\/kiewitt-new-york-mudwizard-01.jpg')\">\n                            <a href=\"https:\/\/www.mudwizard.com\/fr\/realisation\/gestion-eaux-tunnel-300-metres-sous-riviere-hudson-new-york\/\">\n                                <div class=\"projet-tile-infos\">\n                                    <div class=\"projet-tile-title\">\n                                        <h3>Gestion des eaux en tunnel \u00e0 300 m\u00e8tres sous la rivi\u00e8re Hudson, New York<\/h3>\n                                        <div class=\"projet-tile-cat\">\n                                                                                    <\/div>\n                                    <\/div>\n                                <\/div>\n                            <\/a>\n                        <\/div>\n                    <\/div>\n                <\/figure>\n                        <\/div>\n    <\/div>\n<\/div>\n\n<\/div><\/div><\/div><\/div><\/div><\/div>","protected":false},"excerpt":{"rendered":"","protected":false},"author":1,"featured_media":0,"parent":0,"menu_order":30,"comment_status":"closed","ping_status":"closed","template":"","meta":{"_acf_changed":false,"footnotes":""},"class_list":["post-821","page","type-page","status-publish","hentry"],"acf":[],"_links":{"self":[{"href":"https:\/\/www.mudwizard.com\/fr\/wp-json\/wp\/v2\/pages\/821","targetHints":{"allow":["GET"]}}],"collection":[{"href":"https:\/\/www.mudwizard.com\/fr\/wp-json\/wp\/v2\/pages"}],"about":[{"href":"https:\/\/www.mudwizard.com\/fr\/wp-json\/wp\/v2\/types\/page"}],"author":[{"embeddable":true,"href":"https:\/\/www.mudwizard.com\/fr\/wp-json\/wp\/v2\/users\/1"}],"replies":[{"embeddable":true,"href":"https:\/\/www.mudwizard.com\/fr\/wp-json\/wp\/v2\/comments?post=821"}],"version-history":[{"count":32,"href":"https:\/\/www.mudwizard.com\/fr\/wp-json\/wp\/v2\/pages\/821\/revisions"}],"predecessor-version":[{"id":2613,"href":"https:\/\/www.mudwizard.com\/fr\/wp-json\/wp\/v2\/pages\/821\/revisions\/2613"}],"wp:attachment":[{"href":"https:\/\/www.mudwizard.com\/fr\/wp-json\/wp\/v2\/media?parent=821"}],"curies":[{"name":"wp","href":"https:\/\/api.w.org\/{rel}","templated":true}]}}